{"id":1994,"date":"2021-10-16T15:24:59","date_gmt":"2021-10-16T13:24:59","guid":{"rendered":"https:\/\/simiantrack.wwwarcelona.net\/avis-juridique\/"},"modified":"2025-10-23T12:56:44","modified_gmt":"2025-10-23T10:56:44","slug":"avis-juridique","status":"publish","type":"page","link":"https:\/\/simiantrack.wwwarcelona.net\/fr\/avis-juridique\/","title":{"rendered":"Avis juridique"},"content":{"rendered":"\t\t<div data-elementor-type=\"wp-page\" data-elementor-id=\"1994\" class=\"elementor elementor-1994 elementor-57\" data-elementor-post-type=\"page\">\n\t\t\t\t<div class=\"elementor-element elementor-element-664f328 e-flex e-con-boxed e-con e-parent\" data-id=\"664f328\" data-element_type=\"container\" data-e-type=\"container\">\n\t\t\t\t\t<div class=\"e-con-inner\">\n\t\t\t\t<div class=\"elementor-element elementor-element-c026941 elementor-widget elementor-widget-text-editor\" data-id=\"c026941\" data-element_type=\"widget\" data-e-type=\"widget\" data-widget_type=\"text-editor.default\">\n\t\t\t\t<div class=\"elementor-widget-container\">\n\t\t\t\t\t\t\t\t\t<h1 data-start=\"264\" data-end=\"280\">AVIS JURIDIQUE<\/h1><p data-start=\"282\" data-end=\"570\">Les pr\u00e9sentes mentions l\u00e9gales ont pour but de vous informer de vos droits et obligations en tant qu&rsquo;utilisateur de ce site web. Vous y trouverez toutes les informations n\u00e9cessaires sur ce site, son activit\u00e9, les donn\u00e9es personnelles qu&rsquo;il collecte et sa finalit\u00e9, ainsi que les r\u00e8gles d&rsquo;utilisation qui r\u00e9gissent l&rsquo;utilisation de ce site. <\/p><p data-start=\"572\" data-end=\"874\">En acc\u00e9dant \u00e0 ce site web , vous assumez le statut d&rsquo;utilisateur et, par cons\u00e9quent, le contenu de cet avis juridique vous concerne directement. Il est important que vous le lisiez attentivement afin de dissiper tout doute et d&rsquo;\u00eatre pleinement conscient des conditions que vous acceptez. <\/p><p data-start=\"876\" data-end=\"1093\">Tout d&rsquo;abord, sachez que ce site respecte la r\u00e9glementation applicable en mati\u00e8re de protection des donn\u00e9es, dans le but de vous apporter les garanties, la s\u00e9curit\u00e9 et la transparence auxquelles vous avez droit en tant qu&rsquo;utilisateur :<\/p><ul data-start=\"1095\" data-end=\"1692\"><li data-start=\"1095\" data-end=\"1316\"><p data-start=\"1097\" data-end=\"1316\"><strong data-start=\"1097\" data-end=\"1105\">GDPR<\/strong> (R\u00e8glement (UE) 2016\/679 du Parlement europ\u00e9en et du Conseil du 27 avril 2016 relatif \u00e0 la protection des personnes physiques), qui unifie la r\u00e9glementation du traitement des donn\u00e9es personnelles dans les pays de l&rsquo;UE.<\/p><\/li><li data-start=\"1317\" data-end=\"1543\"><p data-start=\"1319\" data-end=\"1543\"><strong data-start=\"1319\" data-end=\"1330\">LOPDGDD<\/strong> (loi organique espagnole 3\/2018, du 5 d\u00e9cembre, sur la protection des donn\u00e9es personnelles et la garantie des droits num\u00e9riques), qui r\u00e9glemente le traitement des donn\u00e9es personnelles et les obligations que nous devons assumer en tant qu&rsquo;op\u00e9rateurs de sites Web.<\/p><\/li><li data-start=\"1544\" data-end=\"1692\"><p data-start=\"1546\" data-end=\"1692\"><strong data-start=\"1546\" data-end=\"1554\">LSSI<\/strong> (loi 34\/2002, du 11 juillet, sur les services de la soci\u00e9t\u00e9 de l&rsquo;information et le commerce \u00e9lectronique), qui r\u00e9glemente les transactions commerciales \u00e9lectroniques.<\/p><\/li><\/ul><hr data-start=\"1694\" data-end=\"1697\"><h2 data-start=\"1699\" data-end=\"1723\">DONN\u00c9ES D&rsquo;IDENTIFICATION<\/h2><p data-start=\"1725\" data-end=\"1827\">Le propri\u00e9taire et responsable de ce site web est :<\/p><ul data-start=\"1829\" data-end=\"2233\"><li data-start=\"1829\" data-end=\"1889\"><p data-start=\"1831\" data-end=\"1889\"><strong data-start=\"1831\" data-end=\"1840\">Nom :<\/strong> <\/p><\/li><li data-start=\"1890\" data-end=\"1946\"><p data-start=\"1892\" data-end=\"1946\"><strong data-start=\"1892\" data-end=\"1909\">Num\u00e9ro d&rsquo;identification fiscale (NIF) :<\/strong> <\/p><\/li><li data-start=\"1947\" data-end=\"2022\"><p data-start=\"1949\" data-end=\"2022\"><strong data-start=\"1949\" data-end=\"1972\">Adresse du si\u00e8ge social :<\/strong> <\/p><\/li><li data-start=\"2023\" data-end=\"2197\"><p data-start=\"2025\" data-end=\"2197\"><strong data-start=\"2025\" data-end=\"2046\">Activit\u00e9 du site web :<\/strong> Diffusion de contenu li\u00e9 \u00e0 , affichage de publicit\u00e9 et recommandation de produits affili\u00e9s.<\/p><\/li><li data-start=\"2198\" data-end=\"2233\"><p data-start=\"2200\" data-end=\"2233\"><strong data-start=\"2200\" data-end=\"2210\">Courriel :<\/strong> <a class=\"decorated-link cursor-pointer\" rel=\"noopener\" data-start=\"2211\" data-end=\"2231\">info@apetracking.com<\/a><\/p><\/li><\/ul><p data-start=\"2235\" data-end=\"2508\">Les donn\u00e9es que vous fournissez avec votre consentement, et conform\u00e9ment \u00e0 notre politique de confidentialit\u00e9, seront incorpor\u00e9es dans un fichier automatis\u00e9 sous la responsabilit\u00e9 de . Cela garantit que vos donn\u00e9es sont prot\u00e9g\u00e9es conform\u00e9ment \u00e0 la loi. <\/p><hr data-start=\"2510\" data-end=\"2513\"><h2 data-start=\"2515\" data-end=\"2550\">R\u00c8GLES D&rsquo;ACC\u00c8S AU SITE WEB<\/h2><p data-start=\"2552\" data-end=\"2625\">En tant qu&rsquo;utilisateur de notre site web, vous \u00eates soumis aux obligations suivantes :<\/p><ul data-start=\"2627\" data-end=\"3158\"><li data-start=\"2627\" data-end=\"2756\"><p data-start=\"2629\" data-end=\"2756\">Vous ne pouvez pas utiliser ce site pour des activit\u00e9s contraires \u00e0 la loi, \u00e0 la morale, \u00e0 l&rsquo;ordre public ou aux dispositions du pr\u00e9sent avis juridique.<\/p><\/li><li data-start=\"2757\" data-end=\"2845\"><p data-start=\"2759\" data-end=\"2845\">Vous ne pouvez pas faire de la publicit\u00e9 ou de l&rsquo;exploitation commerciale en utilisant de fausses identit\u00e9s.<\/p><\/li><li data-start=\"2846\" data-end=\"3031\"><p data-start=\"2848\" data-end=\"3031\">Vous \u00eates seul responsable de la v\u00e9racit\u00e9 et de l&rsquo;exactitude du contenu que vous soumettez \u00e0 ce site et des donn\u00e9es personnelles que vous fournissez aux fins \u00e9nonc\u00e9es dans notre politique de confidentialit\u00e9.<\/p><\/li><li data-start=\"3032\" data-end=\"3158\"><p data-start=\"3034\" data-end=\"3158\">Vous \u00eates \u00e9galement responsable de toute action ill\u00e9gale, nuisible ou dommageable sur les sites de tiers vers lesquels nous pouvons vous rediriger.<\/p><\/li><\/ul><p data-start=\"3160\" data-end=\"3317\">  peut interrompre le service et mettre fin \u00e0 la relation avec l&rsquo;utilisateur si une utilisation abusive du site web est d\u00e9tect\u00e9e.<\/p><hr data-start=\"3319\" data-end=\"3322\"><h2 data-start=\"3324\" data-end=\"3365\">PROPRI\u00c9T\u00c9 INTELLECTUELLE ET INDUSTRIELLE<\/h2><p data-start=\"3367\" data-end=\"3636\">L&rsquo;ensemble de ce site web (textes, images, marques, graphiques, logos, boutons, fichiers logiciels, combinaisons de couleurs, ainsi que la structure, la s\u00e9lection, l&rsquo;arrangement et la pr\u00e9sentation de son contenu) est prot\u00e9g\u00e9 par les lois en vigueur sur la propri\u00e9t\u00e9 intellectuelle et industrielle.<\/p><p data-start=\"3638\" data-end=\"3761\">La reproduction, la distribution, la communication publique et la transformation sont interdites, sauf pour un usage personnel et priv\u00e9.<\/p><p data-start=\"3763\" data-end=\"3960\">  ne garantit pas que le contenu soit exact ou exempt d&rsquo;erreurs. La bonne ou mauvaise utilisation de ce site et de son contenu rel\u00e8ve de la responsabilit\u00e9 de l&rsquo;utilisateur. <\/p><hr data-start=\"3962\" data-end=\"3965\"><h2 data-start=\"3967\" data-end=\"3977\">LIENS<\/h2><p data-start=\"3979\" data-end=\"4240\">Ce site web comprend des liens vers des sites de tiers. Ces pages n&rsquo;ont pas \u00e9t\u00e9 examin\u00e9es et ne sont pas soumises \u00e0 notre contr\u00f4le. Par cons\u00e9quent,  ne peut \u00eatre tenu responsable de leur contenu, de leur politique de confidentialit\u00e9 ou de leurs pratiques. <\/p><p data-start=\"4242\" data-end=\"4336\">Nous vous recommandons de lire les conditions d&rsquo;utilisation et les politiques de confidentialit\u00e9 de ces sites avant de les utiliser.<\/p><hr data-start=\"4338\" data-end=\"4341\"><h2 data-start=\"4343\" data-end=\"4370\">LIENS AFFILI\u00c9S AMAZON<\/h2><p data-start=\"4372\" data-end=\"4530\">Ce site web utilise des liens d&rsquo;affiliation Amazon. Cela signifie que vous trouverez des liens vers des produits Amazon que vous pouvez acheter selon leurs propres conditions. <\/p><hr data-start=\"4532\" data-end=\"4535\"><h2 data-start=\"4537\" data-end=\"4565\">LIMITATION DE LA RESPONSABILIT\u00c9<\/h2><p data-start=\"4567\" data-end=\"4650\">  n&rsquo;est pas responsable :<\/p><ul data-start=\"4652\" data-end=\"4991\"><li data-start=\"4652\" data-end=\"4706\"><p data-start=\"4654\" data-end=\"4706\">La qualit\u00e9, la rapidit\u00e9 et la continuit\u00e9 du service.<\/p><\/li><li data-start=\"4707\" data-end=\"4781\"><p data-start=\"4709\" data-end=\"4781\">l&rsquo;existence de virus, de logiciels malveillants ou de programmes nuisibles dans le contenu.<\/p><\/li><li data-start=\"4782\" data-end=\"4831\"><p data-start=\"4784\" data-end=\"4831\">l&rsquo;utilisation ill\u00e9gale ou n\u00e9gligente du site web.<\/p><\/li><li data-start=\"4832\" data-end=\"4936\"><p data-start=\"4834\" data-end=\"4936\">le manque de l\u00e9galit\u00e9, de qualit\u00e9, de fiabilit\u00e9 ou d&rsquo;utilit\u00e9 des services fournis par des tiers.<\/p><\/li><li data-start=\"4937\" data-end=\"4991\"><p data-start=\"4939\" data-end=\"4991\">Tout dommage r\u00e9sultant d&rsquo;une utilisation ill\u00e9gale de ce site.<\/p><\/li><\/ul><hr data-start=\"4993\" data-end=\"4996\"><h2 data-start=\"4998\" data-end=\"5037\">POLITIQUE DE CONFIDENTIALIT\u00c9 ET DE PROTECTION DES DONN\u00c9ES<\/h2><p data-start=\"5039\" data-end=\"5279\">Ce site web est conforme aux r\u00e9glementations applicables en mati\u00e8re de protection des donn\u00e9es. En tant qu&rsquo;utilisateur, vous devez donner votre consentement explicite avant de fournir des donn\u00e9es personnelles par le biais des formulaires disponibles. Vous trouverez toutes les informations pertinentes dans notre politique de confidentialit\u00e9.  <\/p><hr data-start=\"5281\" data-end=\"5284\"><h2 data-start=\"5286\" data-end=\"5305\">POLITIQUE EN MATI\u00c8RE DE COOKIES<\/h2><p data-start=\"5307\" data-end=\"5477\">Ce site web utilise ses propres cookies et ceux de tiers. Vous pouvez configurer votre navigateur pour refuser l&rsquo;utilisation des cookies. Pour plus d&rsquo;informations, veuillez consulter notre politique en mati\u00e8re de cookies.  <\/p><hr data-start=\"5479\" data-end=\"5482\"><h2 data-start=\"5484\" data-end=\"5520\">DROIT APPLICABLE ET JURIDICTION<\/h2><p data-start=\"5522\" data-end=\"5761\">Le pr\u00e9sent avis juridique est r\u00e9gi par la l\u00e9gislation espagnole. Tout litige sera soumis aux cours et tribunaux du domicile de l&rsquo;utilisateur. Si l&rsquo;utilisateur r\u00e9side en dehors de l&rsquo;Espagne, les deux parties se soumettront aux cours et tribunaux de Barcelone (Espagne).  <\/p><p data-start=\"5763\" data-end=\"5837\">Si vous avez des questions, vous pouvez nous envoyer un courriel \u00e0 l&rsquo;adresse suivante <strong data-start=\"5810\" data-end=\"5834\"><a class=\"decorated-link cursor-pointer\" rel=\"noopener\" data-start=\"5812\" data-end=\"5832\">info@apetracking.com<\/a><\/strong>.<\/p>\t\t\t\t\t\t\t\t<\/div>\n\t\t\t\t<\/div>\n\t\t\t\t\t<\/div>\n\t\t\t\t<\/div>\n\t\t\t\t<\/div>\n\t\t","protected":false},"excerpt":{"rendered":"<p>AVIS JURIDIQUE Les pr\u00e9sentes mentions l\u00e9gales ont pour but de vous informer de vos droits et obligations en tant qu&rsquo;utilisateur de ce site web. Vous y trouverez toutes les informations n\u00e9cessaires sur ce site, son activit\u00e9, les donn\u00e9es personnelles qu&rsquo;il collecte et sa finalit\u00e9, ainsi que les r\u00e8gles d&rsquo;utilisation qui r\u00e9gissent l&rsquo;utilisation de ce site. [&hellip;]<\/p>\n","protected":false},"author":2,"featured_media":0,"parent":0,"menu_order":0,"comment_status":"closed","ping_status":"closed","template":"elementor_header_footer","meta":{"_acf_changed":false,"inline_featured_image":false,"footnotes":""},"class_list":["post-1994","page","type-page","status-publish","hentry"],"acf":[],"yoast_head":"<!-- This site is optimized with the Yoast SEO plugin v27.4 - https:\/\/yoast.com\/product\/yoast-seo-wordpress\/ -->\n<title>\u25b7Avis juridique - \u3010 ApeGenomicsConsultancy \u3011<\/title>\n<meta name=\"description\" content=\"AVIS JURIDIQUELes pr\u00e9sentes mentions l\u00e9gales ont pour but de vous informer de vos droits et obligations en tant qu&#039;utilisateur de ce site web. Vous y \u2713\" \/>\n<meta name=\"robots\" content=\"noindex, nofollow\" \/>\n<meta property=\"og:locale\" content=\"fr_FR\" \/>\n<meta property=\"og:type\" content=\"article\" \/>\n<meta property=\"og:title\" content=\"\u25b7Avis juridique - \u3010 ApeGenomicsConsultancy \u3011\" \/>\n<meta property=\"og:description\" content=\"AVIS JURIDIQUELes pr\u00e9sentes mentions l\u00e9gales ont pour but de vous informer de vos droits et obligations en tant qu&#039;utilisateur de ce site web. Vous y \u2713\" \/>\n<meta property=\"og:url\" content=\"https:\/\/simiantrack.wwwarcelona.net\/fr\/avis-juridique\/\" \/>\n<meta property=\"og:site_name\" content=\"ApeGenomicsConsultancy\" \/>\n<meta property=\"article:modified_time\" content=\"2025-10-23T10:56:44+00:00\" \/>\n<meta name=\"twitter:card\" content=\"summary_large_image\" \/>\n<meta name=\"twitter:label1\" content=\"Dur\u00e9e de lecture estim\u00e9e\" \/>\n\t<meta name=\"twitter:data1\" content=\"5 minutes\" \/>\n<script type=\"application\/ld+json\" class=\"yoast-schema-graph\">{\"@context\":\"https:\\\/\\\/schema.org\",\"@graph\":[{\"@type\":\"WebPage\",\"@id\":\"https:\\\/\\\/simiantrack.wwwarcelona.net\\\/fr\\\/avis-juridique\\\/\",\"url\":\"https:\\\/\\\/simiantrack.wwwarcelona.net\\\/fr\\\/avis-juridique\\\/\",\"name\":\"\u25b7Avis juridique - \u3010 ApeGenomicsConsultancy \u3011\",\"isPartOf\":{\"@id\":\"https:\\\/\\\/simiantrack.wwwarcelona.net\\\/fr\\\/#website\"},\"datePublished\":\"2021-10-16T13:24:59+00:00\",\"dateModified\":\"2025-10-23T10:56:44+00:00\",\"description\":\"AVIS JURIDIQUELes pr\u00e9sentes mentions l\u00e9gales ont pour but de vous informer de vos droits et obligations en tant qu'utilisateur de ce site web. Vous y \u2713\",\"breadcrumb\":{\"@id\":\"https:\\\/\\\/simiantrack.wwwarcelona.net\\\/fr\\\/avis-juridique\\\/#breadcrumb\"},\"inLanguage\":\"fr-FR\",\"potentialAction\":[{\"@type\":\"ReadAction\",\"target\":[\"https:\\\/\\\/simiantrack.wwwarcelona.net\\\/fr\\\/avis-juridique\\\/\"]}]},{\"@type\":\"BreadcrumbList\",\"@id\":\"https:\\\/\\\/simiantrack.wwwarcelona.net\\\/fr\\\/avis-juridique\\\/#breadcrumb\",\"itemListElement\":[{\"@type\":\"ListItem\",\"position\":1,\"name\":\"Portada\",\"item\":\"https:\\\/\\\/simiantrack.wwwarcelona.net\\\/fr\\\/apegenomicsconsultancy\\\/\"},{\"@type\":\"ListItem\",\"position\":2,\"name\":\"Avis juridique\"}]},{\"@type\":\"WebSite\",\"@id\":\"https:\\\/\\\/simiantrack.wwwarcelona.net\\\/fr\\\/#website\",\"url\":\"https:\\\/\\\/simiantrack.wwwarcelona.net\\\/fr\\\/\",\"name\":\"ApeGenomicsConsultancy\",\"description\":\"Ape Genomics Consultancy\",\"publisher\":{\"@id\":\"https:\\\/\\\/simiantrack.wwwarcelona.net\\\/fr\\\/#organization\"},\"potentialAction\":[{\"@type\":\"SearchAction\",\"target\":{\"@type\":\"EntryPoint\",\"urlTemplate\":\"https:\\\/\\\/simiantrack.wwwarcelona.net\\\/fr\\\/?s={search_term_string}\"},\"query-input\":{\"@type\":\"PropertyValueSpecification\",\"valueRequired\":true,\"valueName\":\"search_term_string\"}}],\"inLanguage\":\"fr-FR\"},{\"@type\":\"Organization\",\"@id\":\"https:\\\/\\\/simiantrack.wwwarcelona.net\\\/fr\\\/#organization\",\"name\":\"ApeGenomicsConsultancy\",\"url\":\"https:\\\/\\\/simiantrack.wwwarcelona.net\\\/fr\\\/\",\"logo\":{\"@type\":\"ImageObject\",\"inLanguage\":\"fr-FR\",\"@id\":\"https:\\\/\\\/simiantrack.wwwarcelona.net\\\/fr\\\/#\\\/schema\\\/logo\\\/image\\\/\",\"url\":\"https:\\\/\\\/simiantrack.wwwarcelona.net\\\/wp-content\\\/uploads\\\/2021\\\/10\\\/Disseny-sense-titol-7-e1761221581917.png\",\"contentUrl\":\"https:\\\/\\\/simiantrack.wwwarcelona.net\\\/wp-content\\\/uploads\\\/2021\\\/10\\\/Disseny-sense-titol-7-e1761221581917.png\",\"width\":474,\"height\":140,\"caption\":\"ApeGenomicsConsultancy\"},\"image\":{\"@id\":\"https:\\\/\\\/simiantrack.wwwarcelona.net\\\/fr\\\/#\\\/schema\\\/logo\\\/image\\\/\"}}]}<\/script>\n<!-- \/ Yoast SEO plugin. -->","yoast_head_json":{"title":"\u25b7Avis juridique - \u3010 ApeGenomicsConsultancy \u3011","description":"AVIS JURIDIQUELes pr\u00e9sentes mentions l\u00e9gales ont pour but de vous informer de vos droits et obligations en tant qu'utilisateur de ce site web. Vous y \u2713","robots":{"index":"noindex","follow":"nofollow"},"og_locale":"fr_FR","og_type":"article","og_title":"\u25b7Avis juridique - \u3010 ApeGenomicsConsultancy \u3011","og_description":"AVIS JURIDIQUELes pr\u00e9sentes mentions l\u00e9gales ont pour but de vous informer de vos droits et obligations en tant qu'utilisateur de ce site web. Vous y \u2713","og_url":"https:\/\/simiantrack.wwwarcelona.net\/fr\/avis-juridique\/","og_site_name":"ApeGenomicsConsultancy","article_modified_time":"2025-10-23T10:56:44+00:00","twitter_card":"summary_large_image","twitter_misc":{"Dur\u00e9e de lecture estim\u00e9e":"5 minutes"},"schema":{"@context":"https:\/\/schema.org","@graph":[{"@type":"WebPage","@id":"https:\/\/simiantrack.wwwarcelona.net\/fr\/avis-juridique\/","url":"https:\/\/simiantrack.wwwarcelona.net\/fr\/avis-juridique\/","name":"\u25b7Avis juridique - \u3010 ApeGenomicsConsultancy \u3011","isPartOf":{"@id":"https:\/\/simiantrack.wwwarcelona.net\/fr\/#website"},"datePublished":"2021-10-16T13:24:59+00:00","dateModified":"2025-10-23T10:56:44+00:00","description":"AVIS JURIDIQUELes pr\u00e9sentes mentions l\u00e9gales ont pour but de vous informer de vos droits et obligations en tant qu'utilisateur de ce site web. Vous y \u2713","breadcrumb":{"@id":"https:\/\/simiantrack.wwwarcelona.net\/fr\/avis-juridique\/#breadcrumb"},"inLanguage":"fr-FR","potentialAction":[{"@type":"ReadAction","target":["https:\/\/simiantrack.wwwarcelona.net\/fr\/avis-juridique\/"]}]},{"@type":"BreadcrumbList","@id":"https:\/\/simiantrack.wwwarcelona.net\/fr\/avis-juridique\/#breadcrumb","itemListElement":[{"@type":"ListItem","position":1,"name":"Portada","item":"https:\/\/simiantrack.wwwarcelona.net\/fr\/apegenomicsconsultancy\/"},{"@type":"ListItem","position":2,"name":"Avis juridique"}]},{"@type":"WebSite","@id":"https:\/\/simiantrack.wwwarcelona.net\/fr\/#website","url":"https:\/\/simiantrack.wwwarcelona.net\/fr\/","name":"ApeGenomicsConsultancy","description":"Ape Genomics Consultancy","publisher":{"@id":"https:\/\/simiantrack.wwwarcelona.net\/fr\/#organization"},"potentialAction":[{"@type":"SearchAction","target":{"@type":"EntryPoint","urlTemplate":"https:\/\/simiantrack.wwwarcelona.net\/fr\/?s={search_term_string}"},"query-input":{"@type":"PropertyValueSpecification","valueRequired":true,"valueName":"search_term_string"}}],"inLanguage":"fr-FR"},{"@type":"Organization","@id":"https:\/\/simiantrack.wwwarcelona.net\/fr\/#organization","name":"ApeGenomicsConsultancy","url":"https:\/\/simiantrack.wwwarcelona.net\/fr\/","logo":{"@type":"ImageObject","inLanguage":"fr-FR","@id":"https:\/\/simiantrack.wwwarcelona.net\/fr\/#\/schema\/logo\/image\/","url":"https:\/\/simiantrack.wwwarcelona.net\/wp-content\/uploads\/2021\/10\/Disseny-sense-titol-7-e1761221581917.png","contentUrl":"https:\/\/simiantrack.wwwarcelona.net\/wp-content\/uploads\/2021\/10\/Disseny-sense-titol-7-e1761221581917.png","width":474,"height":140,"caption":"ApeGenomicsConsultancy"},"image":{"@id":"https:\/\/simiantrack.wwwarcelona.net\/fr\/#\/schema\/logo\/image\/"}}]}},"_links":{"self":[{"href":"https:\/\/simiantrack.wwwarcelona.net\/fr\/wp-json\/wp\/v2\/pages\/1994","targetHints":{"allow":["GET"]}}],"collection":[{"href":"https:\/\/simiantrack.wwwarcelona.net\/fr\/wp-json\/wp\/v2\/pages"}],"about":[{"href":"https:\/\/simiantrack.wwwarcelona.net\/fr\/wp-json\/wp\/v2\/types\/page"}],"author":[{"embeddable":true,"href":"https:\/\/simiantrack.wwwarcelona.net\/fr\/wp-json\/wp\/v2\/users\/2"}],"replies":[{"embeddable":true,"href":"https:\/\/simiantrack.wwwarcelona.net\/fr\/wp-json\/wp\/v2\/comments?post=1994"}],"version-history":[{"count":1,"href":"https:\/\/simiantrack.wwwarcelona.net\/fr\/wp-json\/wp\/v2\/pages\/1994\/revisions"}],"predecessor-version":[{"id":1995,"href":"https:\/\/simiantrack.wwwarcelona.net\/fr\/wp-json\/wp\/v2\/pages\/1994\/revisions\/1995"}],"wp:attachment":[{"href":"https:\/\/simiantrack.wwwarcelona.net\/fr\/wp-json\/wp\/v2\/media?parent=1994"}],"curies":[{"name":"wp","href":"https:\/\/api.w.org\/{rel}","templated":true}]}}