{"id":1992,"date":"2021-10-18T07:29:35","date_gmt":"2021-10-18T05:29:35","guid":{"rendered":"https:\/\/simiantrack.wwwarcelona.net\/politique-en-matiere-de-cookies\/"},"modified":"2025-10-23T12:56:36","modified_gmt":"2025-10-23T10:56:36","slug":"politique-en-matiere-de-cookies","status":"publish","type":"page","link":"https:\/\/simiantrack.wwwarcelona.net\/fr\/politique-en-matiere-de-cookies\/","title":{"rendered":"Politique en mati\u00e8re de cookies"},"content":{"rendered":"\t\t<div data-elementor-type=\"wp-page\" data-elementor-id=\"1992\" class=\"elementor elementor-1992 elementor-99\" data-elementor-post-type=\"page\">\n\t\t\t\t<div class=\"elementor-element elementor-element-a679816 e-flex e-con-boxed e-con e-parent\" data-id=\"a679816\" data-element_type=\"container\" data-e-type=\"container\">\n\t\t\t\t\t<div class=\"e-con-inner\">\n\t\t\t\t<div class=\"elementor-element elementor-element-5e7fd54 elementor-widget elementor-widget-heading\" data-id=\"5e7fd54\" data-element_type=\"widget\" data-e-type=\"widget\" data-widget_type=\"heading.default\">\n\t\t\t\t<div class=\"elementor-widget-container\">\n\t\t\t\t\t<h1 class=\"elementor-heading-title elementor-size-default\">POLITIQUE EN MATI\u00c8RE DE COOKIES ET D'ARCHIVAGE LOCAL<\/h1>\t\t\t\t<\/div>\n\t\t\t\t<\/div>\n\t\t\t\t<div class=\"elementor-element elementor-element-b7ba3c6 elementor-widget elementor-widget-text-editor\" data-id=\"b7ba3c6\" data-element_type=\"widget\" data-e-type=\"widget\" data-widget_type=\"text-editor.default\">\n\t\t\t\t<div class=\"elementor-widget-container\">\n\t\t\t\t\t\t\t\t\t<p><strong>POLITIQUE EN MATI\u00c8RE DE COOKIES ET D&rsquo;ARCHIVAGE LOCAL<\/strong><\/p><p>Ce site web utilise des cookies et des technologies similaires pour fournir le service, ainsi que pour nous permettre de l&rsquo;am\u00e9liorer gr\u00e2ce \u00e0 l&rsquo;obtention de donn\u00e9es statistiques sur votre utilisation et d&rsquo;autres finalit\u00e9s.<\/p><p>Le fait de naviguer sur ce site web implique n\u00e9cessairement l&rsquo;utilisation de cookies et de technologies similaires \u00e0 tout moment et lorsque cela est n\u00e9cessaire pour son fonctionnement. De m\u00eame, pour certaines finalit\u00e9s, les cookies et l&rsquo;archivage local sont soumis \u00e0 votre consentement pr\u00e9alable. Vous pouvez accepter ou refuser les cookies par le biais du syst\u00e8me de configuration mis en place et il est \u00e9galement possible de configurer le navigateur pour emp\u00eacher leur utilisation.  <\/p><p>Cette politique fait partie de notre politique de confidentialit\u00e9 et comprend ce qui suit :<\/p><ul><li>Qu&rsquo;est-ce que les cookies ?<\/li><li>Pourquoi utiliser les cookies ?<\/li><li>Qu&rsquo;entendons-nous par technologies similaires aux cookies ?<\/li><li>Quels sont les cookies des autres ? Qui sont les destinataires des informations ? <\/li><li>Quelles fonctions et caract\u00e9ristiques de tiers sont utilis\u00e9es sur notre site web ?<\/li><li>Pendant combien de temps les cookies et autres technologies similaires sont-ils activ\u00e9s ?<\/li><li>Utilisation de navettes avec mode de navigation priv\u00e9.<\/li><li>Comment emp\u00eacher l&rsquo;utilisation de cookies et comment les supprimer ?<\/li><\/ul><h3>Qu&rsquo;est-ce que les cookies ?<\/h3><p>Les \u00ab\u00a0cookies\u00a0\u00bb sont de petits fichiers temporaires qui sont cr\u00e9\u00e9s sur le dispositif de l&rsquo;utilisateur (ordinateur, t\u00e9l\u00e9phone, tablette, etc.) lors de la visite d&rsquo;un site web. Ils permettent de conserver ou de r\u00e9cup\u00e9rer des informations lors de la navigation, par exemple pour garder vos pr\u00e9f\u00e9rences d&rsquo;utilisation, vous reconna\u00eetre lors de visites ult\u00e9rieures ou r\u00e9cup\u00e9rer des informations sur vos habitudes de navigation. <\/p><p>Lorsqu&rsquo;un site web cr\u00e9e un cookie sur l&rsquo;appareil, il enregistre la direction\/le nom du site web, la dur\u00e9e du cookie (qui peut aller de quelques minutes \u00e0 plusieurs ann\u00e9es) et le contenu du cookie. Vous pouvez d\u00e9sactiver les cookies \u00e0 tout moment en utilisant le syst\u00e8me de configuration de ce site web ou en configurant votre navigateur pour emp\u00eacher leur utilisation. <\/p><h3>Pourquoi utiliser les cookies ?<\/h3><p>Les utilisations ou finalit\u00e9s les plus habituelles sont les suivantes :<\/p><ul><li><strong>Cookies techniques essentiels :<\/strong> Pour g\u00e9rer le flux de navigation \u00e0 l&rsquo;int\u00e9rieur du site web ou pour maintenir l&rsquo;utilisateur connect\u00e9. Lorsque vous les d\u00e9sactivez, il est possible que certains \u00e9l\u00e9ments ne fonctionnent pas correctement. <\/li><li><strong>Cookies de personnalisation :<\/strong> N\u00e9cessaires pour enregistrer les pr\u00e9f\u00e9rences d\u00e9termin\u00e9es de l&rsquo;utilisateur.<\/li><li><strong>Cookies analytiques :<\/strong> Ils nous aident \u00e0 recueillir des informations sur la proc\u00e9dure des utilisateurs et leur navigation sur le web afin de r\u00e9aliser des analyses statistiques et d&rsquo;am\u00e9liorer la structure et le contenu du site.<\/li><li><strong>Cookies publicitaires :<\/strong> Pour g\u00e9rer les annonces qui apparaissent sur le site web et d\u00e9cider de leur contenu ou de leur fr\u00e9quence.<\/li><li><strong>Cookies publicitarias comportamentales :<\/strong> Recopient les habitudes de navigation de l&rsquo;utilisateur pour cr\u00e9er un profil d&rsquo;int\u00e9r\u00eats et afficher des annonces adapt\u00e9es.<\/li><li><strong>Cookies de partage social :<\/strong> identifient l&rsquo;utilisateur dans ses r\u00e9seaux sociaux pour partager des contenus.<\/li><\/ul><h3>Qu&rsquo;entendons-nous par technologies similaires aux cookies ?<\/h3><p>Il s&rsquo;agit de tout m\u00e9canisme d&rsquo;archivage et de r\u00e9cup\u00e9ration de donn\u00e9es dans l&rsquo;appareil de l&rsquo;utilisateur. Les plus courants sont les suivants : <\/p><ul><li><strong>Stockage local du navigateur :<\/strong> Como \u00ab\u00a0sessionStorage\u00a0\u00bb y \u00ab\u00a0localStorage\u00a0\u00bb.<\/li><li><strong>Emplacement local des compl\u00e9ments du navigateur :<\/strong> Exemple : Objets locaux partag\u00e9s Flash ou objets isol\u00e9s Silverlight.<\/li><li><strong>Balises web :<\/strong> Images stock\u00e9es dans des serveurs qui permettent d&rsquo;enregistrer les visites de pages ou de courriers.<\/li><li><strong>Empreinte digitale :<\/strong> Combine les informations du navigateur ou de l&rsquo;appareil pour identifier l&rsquo;utilisateur lors de ses visites ult\u00e9rieures.<\/li><\/ul><h3>Quels sont les cookies des autres ? Qui sont les destinataires des informations ? <\/h3><p>Les cookies sont class\u00e9s en :<\/p><ul><li><strong>Cookies propres :<\/strong> Cr\u00e9\u00e9s et g\u00e9r\u00e9s depuis notre pays.<\/li><li><strong>Cookies de tiers :<\/strong> Cr\u00e9\u00e9s et g\u00e9r\u00e9s par d&rsquo;autres sites web, offrant des fonctions telles que des cartes interactives, des vid\u00e9os, des boutons de r\u00e9seaux sociaux ou des annonces personnalis\u00e9es. Ces cookies sont sous le contr\u00f4le du tiers qui les fournit. <\/li><\/ul><h3>Quelles fonctions et caract\u00e9ristiques de tiers sont utilis\u00e9es sur notre site web ?<\/h3><p>Vous trouverez ci-dessous un tableau r\u00e9capitulatif des cookies utilis\u00e9s sur notre site :<\/p><table><thead><tr><th>Cookie<\/th><th>Conseil<\/th><th>Dur\u00e9e<\/th><th>Description<\/th><\/tr><\/thead><tbody><tr><td>__cf_bm<\/td><td>De session<\/td><td>1 heure<\/td><td>Support de gestion des bots par Cloudflare.<\/td><\/tr><tr><td>cookielawinfo-checkbox-analytics<\/td><td>Persistant<\/td><td>11 mois<\/td><td>Cliquez sur ce lien pour donner votre consentement \u00e0 l&rsquo;utilisation de cookies \u00e0 des fins d&rsquo;analyse.<\/td><\/tr><tr><td>cookielawinfo-checkbox-functional<\/td><td>Persistant<\/td><td>11 mois<\/td><td>Cliquez sur ce lien pour obtenir votre consentement \u00e0 l&rsquo;utilisation de cookies fonctionnels.<\/td><\/tr><tr><td>cookielawinfo-checkbox-necessary<\/td><td>Persistant<\/td><td>11 mois<\/td><td>Ajoutez le consentement pour les cookies n\u00e9cessaires.<\/td><\/tr><tr><td>politique_cookie_vu<\/td><td>Persistant<\/td><td>11 mois<\/td><td>Indique si l&rsquo;utilisateur a accept\u00e9 l&rsquo;utilisation de cookies.<\/td><\/tr><\/tbody><\/table><h3>Pendant combien de temps les cookies et autres technologies similaires sont-ils activ\u00e9s ?<\/h3><p>Les cookies peuvent \u00eatre :<\/p><ul><li><strong>Temporaires de session :<\/strong> S&rsquo;\u00e9liminent en fermant le navigateur.<\/li><li><strong>Persistantes :<\/strong> Elles restent actives jusqu&rsquo;\u00e0 ce qu&rsquo;elles soient supprim\u00e9es ou \u00e9limin\u00e9es manuellement.<\/li><\/ul><h3>Comment emp\u00eacher l&rsquo;utilisation de cookies et comment les supprimer ?<\/h3><p>Vous pouvez configurer vos pr\u00e9f\u00e9rences \u00e0 tout moment \u00e0 l&rsquo;aide du syst\u00e8me de configuration des cookies int\u00e9gr\u00e9 \u00e0 ce site web. De plus, la plupart des navigateurs permettent de d\u00e9sactiver les cookies globalement ou par domaine sp\u00e9cifique. Consultez l&rsquo;aide de votre navigateur :  <\/p><ul><li><a href=\"https:\/\/support.google.com\/chrome\/answer\/95647?hl=es\">Chrome<\/a><\/li><li><a href=\"https:\/\/privacy.microsoft.com\/es-es\/windows-10-microsoft-edge-and-privacy\">Microsoft Edge<\/a><\/li><li><a href=\"https:\/\/support.mozilla.org\/es\/kb\/habilitar-y-deshabilitar-cookies-sitios-web-rastrear-preferencias\">Firefox<\/a><\/li><li><a href=\"https:\/\/support.apple.com\/kb\/PH17191?viewlocale=es_ES&amp;locale=es_ES\">Safari<\/a><\/li><li><a href=\"http:\/\/www.opera.com\/es\/help\">Op\u00e9ra<\/a><\/li><\/ul><p>Pour plus d&rsquo;informations, consultez notre politique de confidentialit\u00e9.<\/p>\t\t\t\t\t\t\t\t<\/div>\n\t\t\t\t<\/div>\n\t\t\t\t\t<\/div>\n\t\t\t\t<\/div>\n\t\t\t\t<\/div>\n\t\t","protected":false},"excerpt":{"rendered":"<p>POLITIQUE EN MATI\u00c8RE DE COOKIES ET D&rsquo;ARCHIVAGE LOCAL POLITIQUE EN MATI\u00c8RE DE COOKIES ET D&rsquo;ARCHIVAGE LOCAL Ce site web utilise des cookies et des technologies similaires pour fournir le service, ainsi que pour nous permettre de l&rsquo;am\u00e9liorer gr\u00e2ce \u00e0 l&rsquo;obtention de donn\u00e9es statistiques sur votre utilisation et d&rsquo;autres finalit\u00e9s. Le fait de naviguer sur ce [&hellip;]<\/p>\n","protected":false},"author":2,"featured_media":0,"parent":0,"menu_order":0,"comment_status":"closed","ping_status":"closed","template":"","meta":{"_acf_changed":false,"inline_featured_image":false,"footnotes":""},"class_list":["post-1992","page","type-page","status-publish","hentry"],"acf":[],"yoast_head":"<!-- This site is optimized with the Yoast SEO plugin v27.4 - https:\/\/yoast.com\/product\/yoast-seo-wordpress\/ -->\n<title>\u25b7Politique en mati\u00e8re de cookies - \u3010 ApeGenomicsConsultancy \u3011<\/title>\n<meta name=\"description\" content=\"POLITIQUE EN MATI\u00c8RE DE COOKIES ET D&#039;ARCHIVAGE LOCAL POLITIQUE EN MATI\u00c8RE DE COOKIES ET D&#039;ARCHIVAGE LOCALCe site web utilise des cookies et des \u2713\" \/>\n<meta name=\"robots\" content=\"noindex, nofollow\" \/>\n<meta property=\"og:locale\" content=\"fr_FR\" \/>\n<meta property=\"og:type\" content=\"article\" \/>\n<meta property=\"og:title\" content=\"\u25b7Politique en mati\u00e8re de cookies - \u3010 ApeGenomicsConsultancy \u3011\" \/>\n<meta property=\"og:description\" content=\"POLITIQUE EN MATI\u00c8RE DE COOKIES ET D&#039;ARCHIVAGE LOCAL POLITIQUE EN MATI\u00c8RE DE COOKIES ET D&#039;ARCHIVAGE LOCALCe site web utilise des cookies et des \u2713\" \/>\n<meta property=\"og:url\" content=\"https:\/\/simiantrack.wwwarcelona.net\/fr\/politique-en-matiere-de-cookies\/\" \/>\n<meta property=\"og:site_name\" content=\"ApeGenomicsConsultancy\" \/>\n<meta property=\"article:modified_time\" content=\"2025-10-23T10:56:36+00:00\" \/>\n<meta name=\"twitter:card\" content=\"summary_large_image\" \/>\n<meta name=\"twitter:label1\" content=\"Dur\u00e9e de lecture estim\u00e9e\" \/>\n\t<meta name=\"twitter:data1\" content=\"4 minutes\" \/>\n<script type=\"application\/ld+json\" class=\"yoast-schema-graph\">{\"@context\":\"https:\\\/\\\/schema.org\",\"@graph\":[{\"@type\":\"WebPage\",\"@id\":\"https:\\\/\\\/simiantrack.wwwarcelona.net\\\/fr\\\/politique-en-matiere-de-cookies\\\/\",\"url\":\"https:\\\/\\\/simiantrack.wwwarcelona.net\\\/fr\\\/politique-en-matiere-de-cookies\\\/\",\"name\":\"\u25b7Politique en mati\u00e8re de cookies - \u3010 ApeGenomicsConsultancy \u3011\",\"isPartOf\":{\"@id\":\"https:\\\/\\\/simiantrack.wwwarcelona.net\\\/fr\\\/#website\"},\"datePublished\":\"2021-10-18T05:29:35+00:00\",\"dateModified\":\"2025-10-23T10:56:36+00:00\",\"description\":\"POLITIQUE EN MATI\u00c8RE DE COOKIES ET D'ARCHIVAGE LOCAL POLITIQUE EN MATI\u00c8RE DE COOKIES ET D'ARCHIVAGE LOCALCe site web utilise des cookies et des \u2713\",\"breadcrumb\":{\"@id\":\"https:\\\/\\\/simiantrack.wwwarcelona.net\\\/fr\\\/politique-en-matiere-de-cookies\\\/#breadcrumb\"},\"inLanguage\":\"fr-FR\",\"potentialAction\":[{\"@type\":\"ReadAction\",\"target\":[\"https:\\\/\\\/simiantrack.wwwarcelona.net\\\/fr\\\/politique-en-matiere-de-cookies\\\/\"]}]},{\"@type\":\"BreadcrumbList\",\"@id\":\"https:\\\/\\\/simiantrack.wwwarcelona.net\\\/fr\\\/politique-en-matiere-de-cookies\\\/#breadcrumb\",\"itemListElement\":[{\"@type\":\"ListItem\",\"position\":1,\"name\":\"Portada\",\"item\":\"https:\\\/\\\/simiantrack.wwwarcelona.net\\\/fr\\\/apegenomicsconsultancy\\\/\"},{\"@type\":\"ListItem\",\"position\":2,\"name\":\"Politique en mati\u00e8re de cookies\"}]},{\"@type\":\"WebSite\",\"@id\":\"https:\\\/\\\/simiantrack.wwwarcelona.net\\\/fr\\\/#website\",\"url\":\"https:\\\/\\\/simiantrack.wwwarcelona.net\\\/fr\\\/\",\"name\":\"ApeGenomicsConsultancy\",\"description\":\"Ape Genomics Consultancy\",\"publisher\":{\"@id\":\"https:\\\/\\\/simiantrack.wwwarcelona.net\\\/fr\\\/#organization\"},\"potentialAction\":[{\"@type\":\"SearchAction\",\"target\":{\"@type\":\"EntryPoint\",\"urlTemplate\":\"https:\\\/\\\/simiantrack.wwwarcelona.net\\\/fr\\\/?s={search_term_string}\"},\"query-input\":{\"@type\":\"PropertyValueSpecification\",\"valueRequired\":true,\"valueName\":\"search_term_string\"}}],\"inLanguage\":\"fr-FR\"},{\"@type\":\"Organization\",\"@id\":\"https:\\\/\\\/simiantrack.wwwarcelona.net\\\/fr\\\/#organization\",\"name\":\"ApeGenomicsConsultancy\",\"url\":\"https:\\\/\\\/simiantrack.wwwarcelona.net\\\/fr\\\/\",\"logo\":{\"@type\":\"ImageObject\",\"inLanguage\":\"fr-FR\",\"@id\":\"https:\\\/\\\/simiantrack.wwwarcelona.net\\\/fr\\\/#\\\/schema\\\/logo\\\/image\\\/\",\"url\":\"https:\\\/\\\/simiantrack.wwwarcelona.net\\\/wp-content\\\/uploads\\\/2021\\\/10\\\/Disseny-sense-titol-7-e1761221581917.png\",\"contentUrl\":\"https:\\\/\\\/simiantrack.wwwarcelona.net\\\/wp-content\\\/uploads\\\/2021\\\/10\\\/Disseny-sense-titol-7-e1761221581917.png\",\"width\":474,\"height\":140,\"caption\":\"ApeGenomicsConsultancy\"},\"image\":{\"@id\":\"https:\\\/\\\/simiantrack.wwwarcelona.net\\\/fr\\\/#\\\/schema\\\/logo\\\/image\\\/\"}}]}<\/script>\n<!-- \/ Yoast SEO plugin. -->","yoast_head_json":{"title":"\u25b7Politique en mati\u00e8re de cookies - \u3010 ApeGenomicsConsultancy \u3011","description":"POLITIQUE EN MATI\u00c8RE DE COOKIES ET D'ARCHIVAGE LOCAL POLITIQUE EN MATI\u00c8RE DE COOKIES ET D'ARCHIVAGE LOCALCe site web utilise des cookies et des \u2713","robots":{"index":"noindex","follow":"nofollow"},"og_locale":"fr_FR","og_type":"article","og_title":"\u25b7Politique en mati\u00e8re de cookies - \u3010 ApeGenomicsConsultancy \u3011","og_description":"POLITIQUE EN MATI\u00c8RE DE COOKIES ET D'ARCHIVAGE LOCAL POLITIQUE EN MATI\u00c8RE DE COOKIES ET D'ARCHIVAGE LOCALCe site web utilise des cookies et des \u2713","og_url":"https:\/\/simiantrack.wwwarcelona.net\/fr\/politique-en-matiere-de-cookies\/","og_site_name":"ApeGenomicsConsultancy","article_modified_time":"2025-10-23T10:56:36+00:00","twitter_card":"summary_large_image","twitter_misc":{"Dur\u00e9e de lecture estim\u00e9e":"4 minutes"},"schema":{"@context":"https:\/\/schema.org","@graph":[{"@type":"WebPage","@id":"https:\/\/simiantrack.wwwarcelona.net\/fr\/politique-en-matiere-de-cookies\/","url":"https:\/\/simiantrack.wwwarcelona.net\/fr\/politique-en-matiere-de-cookies\/","name":"\u25b7Politique en mati\u00e8re de cookies - \u3010 ApeGenomicsConsultancy \u3011","isPartOf":{"@id":"https:\/\/simiantrack.wwwarcelona.net\/fr\/#website"},"datePublished":"2021-10-18T05:29:35+00:00","dateModified":"2025-10-23T10:56:36+00:00","description":"POLITIQUE EN MATI\u00c8RE DE COOKIES ET D'ARCHIVAGE LOCAL POLITIQUE EN MATI\u00c8RE DE COOKIES ET D'ARCHIVAGE LOCALCe site web utilise des cookies et des \u2713","breadcrumb":{"@id":"https:\/\/simiantrack.wwwarcelona.net\/fr\/politique-en-matiere-de-cookies\/#breadcrumb"},"inLanguage":"fr-FR","potentialAction":[{"@type":"ReadAction","target":["https:\/\/simiantrack.wwwarcelona.net\/fr\/politique-en-matiere-de-cookies\/"]}]},{"@type":"BreadcrumbList","@id":"https:\/\/simiantrack.wwwarcelona.net\/fr\/politique-en-matiere-de-cookies\/#breadcrumb","itemListElement":[{"@type":"ListItem","position":1,"name":"Portada","item":"https:\/\/simiantrack.wwwarcelona.net\/fr\/apegenomicsconsultancy\/"},{"@type":"ListItem","position":2,"name":"Politique en mati\u00e8re de cookies"}]},{"@type":"WebSite","@id":"https:\/\/simiantrack.wwwarcelona.net\/fr\/#website","url":"https:\/\/simiantrack.wwwarcelona.net\/fr\/","name":"ApeGenomicsConsultancy","description":"Ape Genomics Consultancy","publisher":{"@id":"https:\/\/simiantrack.wwwarcelona.net\/fr\/#organization"},"potentialAction":[{"@type":"SearchAction","target":{"@type":"EntryPoint","urlTemplate":"https:\/\/simiantrack.wwwarcelona.net\/fr\/?s={search_term_string}"},"query-input":{"@type":"PropertyValueSpecification","valueRequired":true,"valueName":"search_term_string"}}],"inLanguage":"fr-FR"},{"@type":"Organization","@id":"https:\/\/simiantrack.wwwarcelona.net\/fr\/#organization","name":"ApeGenomicsConsultancy","url":"https:\/\/simiantrack.wwwarcelona.net\/fr\/","logo":{"@type":"ImageObject","inLanguage":"fr-FR","@id":"https:\/\/simiantrack.wwwarcelona.net\/fr\/#\/schema\/logo\/image\/","url":"https:\/\/simiantrack.wwwarcelona.net\/wp-content\/uploads\/2021\/10\/Disseny-sense-titol-7-e1761221581917.png","contentUrl":"https:\/\/simiantrack.wwwarcelona.net\/wp-content\/uploads\/2021\/10\/Disseny-sense-titol-7-e1761221581917.png","width":474,"height":140,"caption":"ApeGenomicsConsultancy"},"image":{"@id":"https:\/\/simiantrack.wwwarcelona.net\/fr\/#\/schema\/logo\/image\/"}}]}},"_links":{"self":[{"href":"https:\/\/simiantrack.wwwarcelona.net\/fr\/wp-json\/wp\/v2\/pages\/1992","targetHints":{"allow":["GET"]}}],"collection":[{"href":"https:\/\/simiantrack.wwwarcelona.net\/fr\/wp-json\/wp\/v2\/pages"}],"about":[{"href":"https:\/\/simiantrack.wwwarcelona.net\/fr\/wp-json\/wp\/v2\/types\/page"}],"author":[{"embeddable":true,"href":"https:\/\/simiantrack.wwwarcelona.net\/fr\/wp-json\/wp\/v2\/users\/2"}],"replies":[{"embeddable":true,"href":"https:\/\/simiantrack.wwwarcelona.net\/fr\/wp-json\/wp\/v2\/comments?post=1992"}],"version-history":[{"count":1,"href":"https:\/\/simiantrack.wwwarcelona.net\/fr\/wp-json\/wp\/v2\/pages\/1992\/revisions"}],"predecessor-version":[{"id":1993,"href":"https:\/\/simiantrack.wwwarcelona.net\/fr\/wp-json\/wp\/v2\/pages\/1992\/revisions\/1993"}],"wp:attachment":[{"href":"https:\/\/simiantrack.wwwarcelona.net\/fr\/wp-json\/wp\/v2\/media?parent=1992"}],"curies":[{"name":"wp","href":"https:\/\/api.w.org\/{rel}","templated":true}]}}