{"id":1916,"date":"2021-10-14T15:46:36","date_gmt":"2021-10-14T13:46:36","guid":{"rendered":"https:\/\/simiantrack.wwwarcelona.net\/politique-de-confidentialite\/"},"modified":"2025-10-23T12:55:02","modified_gmt":"2025-10-23T10:55:02","slug":"politique-de-confidentialite","status":"publish","type":"page","link":"https:\/\/simiantrack.wwwarcelona.net\/fr\/politique-de-confidentialite\/","title":{"rendered":"politique de confidentialit\u00e9"},"content":{"rendered":"\t\t<div data-elementor-type=\"wp-page\" data-elementor-id=\"1916\" class=\"elementor elementor-1916 elementor-38\" data-elementor-post-type=\"page\">\n\t\t\t\t<div class=\"elementor-element elementor-element-f7951c3 e-flex e-con-boxed e-con e-parent\" data-id=\"f7951c3\" data-element_type=\"container\" data-e-type=\"container\">\n\t\t\t\t\t<div class=\"e-con-inner\">\n\t\t\t\t<div class=\"elementor-element elementor-element-38da3dd elementor-widget elementor-widget-text-editor\" data-id=\"38da3dd\" data-element_type=\"widget\" data-e-type=\"widget\" data-widget_type=\"text-editor.default\">\n\t\t\t\t<div class=\"elementor-widget-container\">\n\t\t\t\t\t\t\t\t\t<h1 data-start=\"211\" data-end=\"229\">POLITIQUE DE CONFIDENTIALIT\u00c9<\/h1><p data-start=\"231\" data-end=\"471\">Si vous \u00eates ici, c&rsquo;est que vous souhaitez en savoir plus sur vos droits et obligations en tant qu&rsquo;utilisateur de ce site web . C&rsquo;est tr\u00e8s bien &#8211; notre devoir est de vous informer, et votre devoir est d&rsquo;\u00eatre correctement inform\u00e9. <\/p><p data-start=\"473\" data-end=\"674\">Dans cette politique de confidentialit\u00e9, nous vous informons en toute transparence de l&rsquo;objectif de ce site web et de tout ce qui concerne les donn\u00e9es que vous fournissez, ainsi que de vos droits et obligations en tant qu&rsquo;utilisateur.<\/p><p data-start=\"676\" data-end=\"950\">Tout d&rsquo;abord, sachez que ce site respecte la r\u00e9glementation en vigueur en mati\u00e8re de protection des donn\u00e9es, qui concerne \u00e0 la fois les donn\u00e9es personnelles que vous fournissez avec votre consentement expr\u00e8s et les cookies que nous utilisons pour garantir le bon fonctionnement de ce site et lui permettre de mener \u00e0 bien son activit\u00e9.<\/p><p data-start=\"952\" data-end=\"1021\">Plus pr\u00e9cis\u00e9ment, ce site web est conforme aux r\u00e9glementations suivantes :<\/p><ul data-start=\"1023\" data-end=\"1631\"><li data-start=\"1023\" data-end=\"1240\"><p data-start=\"1025\" data-end=\"1240\"><strong data-start=\"1025\" data-end=\"1033\">GDPR<\/strong> (R\u00e8glement (UE) 2016\/679 du Parlement europ\u00e9en et du Conseil du 27 avril 2016 relatif \u00e0 la protection des personnes physiques), qui harmonise la r\u00e9glementation du traitement des donn\u00e9es personnelles dans les pays de l&rsquo;UE.<\/p><\/li><li data-start=\"1241\" data-end=\"1437\"><p data-start=\"1243\" data-end=\"1437\"><strong data-start=\"1243\" data-end=\"1254\">LOPDGDD<\/strong> (loi organique espagnole 3\/2018, du 5 d\u00e9cembre, sur la protection des donn\u00e9es personnelles et la garantie des droits num\u00e9riques), qui adapte la r\u00e9glementation espagnole au GDPR et r\u00e9gule les droits num\u00e9riques.<\/p><\/li><li data-start=\"1438\" data-end=\"1631\"><p data-start=\"1440\" data-end=\"1631\"><strong data-start=\"1440\" data-end=\"1448\">LSSI<\/strong> (loi 34\/2002, du 11 juillet, sur les services de la soci\u00e9t\u00e9 de l&rsquo;information et le commerce \u00e9lectronique), qui r\u00e9glemente les transactions \u00e9conomiques effectu\u00e9es par voie \u00e9lectronique, comme celles de ce site web.<\/p><\/li><\/ul><hr data-start=\"1633\" data-end=\"1636\"><h2 data-start=\"1638\" data-end=\"1662\">DONN\u00c9ES D&rsquo;IDENTIFICATION<\/h2><p data-start=\"1664\" data-end=\"1757\">Le propri\u00e9taire et contr\u00f4leur de ce site web est :<\/p><ul data-start=\"1759\" data-end=\"2163\"><li data-start=\"1759\" data-end=\"1819\"><p data-start=\"1761\" data-end=\"1819\"><strong data-start=\"1761\" data-end=\"1770\">Nom :<\/strong> <\/p><\/li><li data-start=\"1820\" data-end=\"1876\"><p data-start=\"1822\" data-end=\"1876\"><strong data-start=\"1822\" data-end=\"1839\">Num\u00e9ro d&rsquo;identification fiscale (NIF) :<\/strong> <\/p><\/li><li data-start=\"1877\" data-end=\"1952\"><p data-start=\"1879\" data-end=\"1952\"><strong data-start=\"1879\" data-end=\"1902\">Adresse du si\u00e8ge social :<\/strong> <\/p><\/li><li data-start=\"1953\" data-end=\"2127\"><p data-start=\"1955\" data-end=\"2127\"><strong data-start=\"1955\" data-end=\"1976\">Activit\u00e9 du site web :<\/strong> Diffusion de contenu li\u00e9 \u00e0 , affichage de publicit\u00e9 et recommandation de produits affili\u00e9s.<\/p><\/li><li data-start=\"2128\" data-end=\"2163\"><p data-start=\"2130\" data-end=\"2163\"><strong data-start=\"2130\" data-end=\"2140\">Courriel :<\/strong> <a class=\"decorated-link cursor-pointer\" rel=\"noopener\" data-start=\"2141\" data-end=\"2161\">info@apetracking.com<\/a><\/p><\/li><\/ul><p data-start=\"2165\" data-end=\"2410\">Les donn\u00e9es que vous fournissez, avec votre consentement expr\u00e8s et conform\u00e9ment \u00e0 notre politique de confidentialit\u00e9, seront incorpor\u00e9es dans un fichier automatis\u00e9 d\u00fbment enregistr\u00e9 aupr\u00e8s de l&rsquo;Agence espagnole de protection des donn\u00e9es, ce qui garantit la s\u00e9curit\u00e9 de vos donn\u00e9es, comme l&rsquo;exige la loi.<\/p><p data-start=\"2412\" data-end=\"2598\">Les donn\u00e9es personnelles que vous fournissez, toujours avec votre consentement explicite, seront stock\u00e9es et trait\u00e9es aux fins d\u00e9crites ci-dessous dans la pr\u00e9sente politique de confidentialit\u00e9, jusqu&rsquo;\u00e0 ce que vous demandiez leur suppression.<\/p><p data-start=\"2600\" data-end=\"2879\">Veuillez noter que la pr\u00e9sente politique de confidentialit\u00e9 peut \u00eatre modifi\u00e9e \u00e0 tout moment pour s&rsquo;adapter aux changements l\u00e9gislatifs ou \u00e0 l&rsquo;\u00e9volution de nos activit\u00e9s. La version publi\u00e9e sur ce site web sera toujours la version actuelle, et toute modification importante vous sera notifi\u00e9e avant sa mise en \u0153uvre. <\/p><hr data-start=\"2881\" data-end=\"2884\"><h2 data-start=\"2886\" data-end=\"2903\">CONDITIONS D&rsquo;UTILISATION<\/h2><p data-start=\"2905\" data-end=\"3133\">Vous devez savoir que nous vous demanderons toujours votre consentement explicite avant de collecter vos donn\u00e9es, en indiquant clairement la finalit\u00e9 dans chaque cas. Cela signifie que, si vous donnez ce consentement, vous avez lu et accept\u00e9 la pr\u00e9sente politique de protection de la vie priv\u00e9e. <\/p><p data-start=\"3135\" data-end=\"3248\">En acc\u00e9dant \u00e0 ce site web et en l&rsquo;utilisant, vous assumez le r\u00f4le d&rsquo;utilisateur avec les droits et obligations correspondants.<\/p><ul data-start=\"3250\" data-end=\"3512\"><li data-start=\"3250\" data-end=\"3380\"><p data-start=\"3252\" data-end=\"3380\">Si vous avez plus de 14 ans, vous pouvez vous inscrire en tant qu&rsquo;utilisateur de ce site web sans l&rsquo;accord pr\u00e9alable de vos parents ou tuteurs.<\/p><\/li><li data-start=\"3381\" data-end=\"3512\"><p data-start=\"3383\" data-end=\"3512\">Si vous avez moins de 14 ans, vous devrez obtenir le consentement de vos parents ou tuteurs pour le traitement de vos donn\u00e9es personnelles.<\/p><\/li><\/ul><hr data-start=\"3514\" data-end=\"3517\"><h2 data-start=\"3519\" data-end=\"3561\">ENREGISTREMENT ET FINALIT\u00c9 DE VOS DONN\u00c9ES<\/h2><p data-start=\"3563\" data-end=\"3767\">En fonction du formulaire ou de la section \u00e0 laquelle vous acc\u00e9dez, nous ne demanderons que les donn\u00e9es n\u00e9cessaires aux fins d\u00e9crites ci-dessous. Vous devez toujours donner votre consentement explicite lorsque nous demandons des informations personnelles pour : <\/p><ul data-start=\"3769\" data-end=\"4316\"><li data-start=\"3769\" data-end=\"3887\"><p data-start=\"3771\" data-end=\"3887\">Les objectifs sp\u00e9cifiques indiqu\u00e9s sur chaque page ou section o\u00f9 figure le formulaire d&rsquo;inscription ou de contact \u00e9lectronique.<\/p><\/li><li data-start=\"3888\" data-end=\"4019\"><p data-start=\"3890\" data-end=\"4019\">R\u00e9pondre \u00e0 vos demandes, commentaires, requ\u00eates ou tout autre type de demande que vous faites par le biais de l&rsquo;une des m\u00e9thodes de contact disponibles.<\/p><\/li><li data-start=\"4020\" data-end=\"4130\"><p data-start=\"4022\" data-end=\"4130\">vous informer sur des questions, des activit\u00e9s, des produits, des nouvelles et\/ou des services par des moyens \u00e9lectroniques ou physiques.<\/p><\/li><li data-start=\"4131\" data-end=\"4316\"><p data-start=\"4133\" data-end=\"4316\">Vous envoyer des communications commerciales relatives \u00e0 nos produits, services ou promotions, ainsi qu&rsquo;\u00e0 ceux offerts par des partenaires ou collaborateurs avec lesquels nous avons conclu des accords de promotion.<\/p><\/li><\/ul><p data-start=\"4318\" data-end=\"4477\">Ces communications seront toujours effectu\u00e9es par , sans que des tiers aient acc\u00e8s \u00e0 vos donn\u00e9es personnelles.<\/p><hr data-start=\"4479\" data-end=\"4482\"><h2 data-start=\"4484\" data-end=\"4522\">L&rsquo;EXACTITUDE ET LA V\u00c9RACIT\u00c9 DES DONN\u00c9ES<\/h2><p data-start=\"4524\" data-end=\"4701\">En tant qu&rsquo;utilisateur, vous \u00eates responsable de l&rsquo;exactitude et de l&rsquo;actualit\u00e9 des donn\u00e9es que vous fournissez. Vous vous engagez \u00e0 fournir des informations compl\u00e8tes et correctes dans les formulaires de contact ou d&rsquo;abonnement. <\/p><hr data-start=\"4703\" data-end=\"4706\"><h2 data-start=\"4708\" data-end=\"4751\">D\u00c9SINSCRIPTION ET DROIT DE R\u00c9TRACTATION<\/h2><p data-start=\"4753\" data-end=\"4970\">En tant que propri\u00e9taire de vos donn\u00e9es, vous pouvez exercer vos droits d&rsquo;acc\u00e8s, de rectification, d&rsquo;annulation et d&rsquo;opposition \u00e0 tout moment en envoyant un courrier \u00e9lectronique \u00e0 l&rsquo;adresse suivante <strong data-start=\"4899\" data-end=\"4923\"><a class=\"decorated-link cursor-pointer\" rel=\"noopener\" data-start=\"4901\" data-end=\"4921\">info@apetracking.com<\/a><\/strong>en joignant une copie de votre pi\u00e8ce d&rsquo;identit\u00e9 comme preuve valable.<\/p><hr data-start=\"4972\" data-end=\"4975\"><h2 data-start=\"4977\" data-end=\"5010\">L&rsquo;ACC\u00c8S AUX DONN\u00c9ES PAR DES TIERS<\/h2><p data-start=\"5012\" data-end=\"5068\">Pour fournir les services n\u00e9cessaires, nous partageons des donn\u00e9es avec :<\/p><ul data-start=\"5070\" data-end=\"5553\"><li data-start=\"5070\" data-end=\"5220\"><p data-start=\"5072\" data-end=\"5220\"><strong data-start=\"5072\" data-end=\"5090\">Dinahosting SL<\/strong>, fournisseur d&rsquo;h\u00e9bergement. Plus d&rsquo;informations <a class=\"decorated-link\" href=\"https:\/\/dinahosting.com\/legal\/proteccion-datos\" target=\"_new\" rel=\"noopener\" data-start=\"5121\" data-end=\"5217\">: https:\/\/dinahosting.com\/legal\/proteccion-datos.<\/a> <\/p><\/li><li data-start=\"5221\" data-end=\"5390\"><p data-start=\"5223\" data-end=\"5390\"><strong data-start=\"5223\" data-end=\"5243\">Google Analytics<\/strong>, pour analyser l&rsquo;utilisation du site. Politique de confidentialit\u00e9 <a class=\"decorated-link cursor-pointer\" target=\"_new\" rel=\"noopener\" data-start=\"5287\" data-end=\"5387\">: https:\/\/www.google.com\/intl\/en\/policies\/privacy\/.<\/a> <\/p><\/li><li data-start=\"5391\" data-end=\"5553\"><p data-start=\"5393\" data-end=\"5553\"><strong data-start=\"5393\" data-end=\"5411\">Google Adsense<\/strong>, pour afficher des annonces personnalis\u00e9es. Politique <a class=\"decorated-link cursor-pointer\" target=\"_new\" rel=\"noopener\" data-start=\"5450\" data-end=\"5550\">: https:\/\/www.google.com\/intl\/en\/policies\/privacy\/.<\/a> <\/p><\/li><\/ul><hr data-start=\"5555\" data-end=\"5558\"><h2 data-start=\"5560\" data-end=\"5582\">LES MESURES DE S\u00c9CURIT\u00c9<\/h2><p data-start=\"5584\" data-end=\"5834\">  a adopt\u00e9 toutes les mesures techniques et organisationnelles n\u00e9cessaires pour garantir la s\u00e9curit\u00e9 et l&rsquo;int\u00e9grit\u00e9 de vos donn\u00e9es \u00e0 caract\u00e8re personnel et pour emp\u00eacher leur perte, leur modification ou leur acc\u00e8s non autoris\u00e9 par des tiers.<\/p><p data-start=\"5836\" data-end=\"5918\">Pour plus d&rsquo;informations, veuillez consulter nos <strong data-start=\"5876\" data-end=\"5892\">mentions l\u00e9gales<\/strong> et notre <strong data-start=\"5897\" data-end=\"5915\">politique en mati\u00e8re de cookies<\/strong>.<\/p>\t\t\t\t\t\t\t\t<\/div>\n\t\t\t\t<\/div>\n\t\t\t\t\t<\/div>\n\t\t\t\t<\/div>\n\t\t\t\t<\/div>\n\t\t","protected":false},"excerpt":{"rendered":"<p>POLITIQUE DE CONFIDENTIALIT\u00c9 Si vous \u00eates ici, c&rsquo;est que vous souhaitez en savoir plus sur vos droits et obligations en tant qu&rsquo;utilisateur de ce site web . C&rsquo;est tr\u00e8s bien &#8211; notre devoir est de vous informer, et votre devoir est d&rsquo;\u00eatre correctement inform\u00e9. Dans cette politique de confidentialit\u00e9, nous vous informons en toute transparence [&hellip;]<\/p>\n","protected":false},"author":2,"featured_media":0,"parent":0,"menu_order":0,"comment_status":"closed","ping_status":"open","template":"elementor_header_footer","meta":{"_acf_changed":false,"inline_featured_image":false,"footnotes":""},"class_list":["post-1916","page","type-page","status-publish","hentry"],"acf":[],"yoast_head":"<!-- This site is optimized with the Yoast SEO plugin v27.4 - https:\/\/yoast.com\/product\/yoast-seo-wordpress\/ -->\n<title>\u25b7politique de confidentialit\u00e9 - \u3010 ApeGenomicsConsultancy \u3011<\/title>\n<meta name=\"description\" content=\"POLITIQUE DE CONFIDENTIALIT\u00c9Si vous \u00eates ici, c&#039;est que vous souhaitez en savoir plus sur vos droits et obligations en tant qu&#039;utilisateur de ce site web \u2713\" \/>\n<meta name=\"robots\" content=\"noindex, nofollow\" \/>\n<meta property=\"og:locale\" content=\"fr_FR\" \/>\n<meta property=\"og:type\" content=\"article\" \/>\n<meta property=\"og:title\" content=\"\u25b7politique de confidentialit\u00e9 - \u3010 ApeGenomicsConsultancy \u3011\" \/>\n<meta property=\"og:description\" content=\"POLITIQUE DE CONFIDENTIALIT\u00c9Si vous \u00eates ici, c&#039;est que vous souhaitez en savoir plus sur vos droits et obligations en tant qu&#039;utilisateur de ce site web \u2713\" \/>\n<meta property=\"og:url\" content=\"https:\/\/simiantrack.wwwarcelona.net\/fr\/politique-de-confidentialite\/\" \/>\n<meta property=\"og:site_name\" content=\"ApeGenomicsConsultancy\" \/>\n<meta property=\"article:modified_time\" content=\"2025-10-23T10:55:02+00:00\" \/>\n<meta name=\"twitter:card\" content=\"summary_large_image\" \/>\n<meta name=\"twitter:label1\" content=\"Dur\u00e9e de lecture estim\u00e9e\" \/>\n\t<meta name=\"twitter:data1\" content=\"5 minutes\" \/>\n<script type=\"application\/ld+json\" class=\"yoast-schema-graph\">{\"@context\":\"https:\\\/\\\/schema.org\",\"@graph\":[{\"@type\":\"WebPage\",\"@id\":\"https:\\\/\\\/simiantrack.wwwarcelona.net\\\/fr\\\/politique-de-confidentialite\\\/\",\"url\":\"https:\\\/\\\/simiantrack.wwwarcelona.net\\\/fr\\\/politique-de-confidentialite\\\/\",\"name\":\"\u25b7politique de confidentialit\u00e9 - \u3010 ApeGenomicsConsultancy \u3011\",\"isPartOf\":{\"@id\":\"https:\\\/\\\/simiantrack.wwwarcelona.net\\\/fr\\\/#website\"},\"datePublished\":\"2021-10-14T13:46:36+00:00\",\"dateModified\":\"2025-10-23T10:55:02+00:00\",\"description\":\"POLITIQUE DE CONFIDENTIALIT\u00c9Si vous \u00eates ici, c'est que vous souhaitez en savoir plus sur vos droits et obligations en tant qu'utilisateur de ce site web \u2713\",\"breadcrumb\":{\"@id\":\"https:\\\/\\\/simiantrack.wwwarcelona.net\\\/fr\\\/politique-de-confidentialite\\\/#breadcrumb\"},\"inLanguage\":\"fr-FR\",\"potentialAction\":[{\"@type\":\"ReadAction\",\"target\":[\"https:\\\/\\\/simiantrack.wwwarcelona.net\\\/fr\\\/politique-de-confidentialite\\\/\"]}]},{\"@type\":\"BreadcrumbList\",\"@id\":\"https:\\\/\\\/simiantrack.wwwarcelona.net\\\/fr\\\/politique-de-confidentialite\\\/#breadcrumb\",\"itemListElement\":[{\"@type\":\"ListItem\",\"position\":1,\"name\":\"Portada\",\"item\":\"https:\\\/\\\/simiantrack.wwwarcelona.net\\\/fr\\\/apegenomicsconsultancy\\\/\"},{\"@type\":\"ListItem\",\"position\":2,\"name\":\"politique de confidentialit\u00e9\"}]},{\"@type\":\"WebSite\",\"@id\":\"https:\\\/\\\/simiantrack.wwwarcelona.net\\\/fr\\\/#website\",\"url\":\"https:\\\/\\\/simiantrack.wwwarcelona.net\\\/fr\\\/\",\"name\":\"ApeGenomicsConsultancy\",\"description\":\"Ape Genomics Consultancy\",\"publisher\":{\"@id\":\"https:\\\/\\\/simiantrack.wwwarcelona.net\\\/fr\\\/#organization\"},\"potentialAction\":[{\"@type\":\"SearchAction\",\"target\":{\"@type\":\"EntryPoint\",\"urlTemplate\":\"https:\\\/\\\/simiantrack.wwwarcelona.net\\\/fr\\\/?s={search_term_string}\"},\"query-input\":{\"@type\":\"PropertyValueSpecification\",\"valueRequired\":true,\"valueName\":\"search_term_string\"}}],\"inLanguage\":\"fr-FR\"},{\"@type\":\"Organization\",\"@id\":\"https:\\\/\\\/simiantrack.wwwarcelona.net\\\/fr\\\/#organization\",\"name\":\"ApeGenomicsConsultancy\",\"url\":\"https:\\\/\\\/simiantrack.wwwarcelona.net\\\/fr\\\/\",\"logo\":{\"@type\":\"ImageObject\",\"inLanguage\":\"fr-FR\",\"@id\":\"https:\\\/\\\/simiantrack.wwwarcelona.net\\\/fr\\\/#\\\/schema\\\/logo\\\/image\\\/\",\"url\":\"https:\\\/\\\/simiantrack.wwwarcelona.net\\\/wp-content\\\/uploads\\\/2021\\\/10\\\/Disseny-sense-titol-7-e1761221581917.png\",\"contentUrl\":\"https:\\\/\\\/simiantrack.wwwarcelona.net\\\/wp-content\\\/uploads\\\/2021\\\/10\\\/Disseny-sense-titol-7-e1761221581917.png\",\"width\":474,\"height\":140,\"caption\":\"ApeGenomicsConsultancy\"},\"image\":{\"@id\":\"https:\\\/\\\/simiantrack.wwwarcelona.net\\\/fr\\\/#\\\/schema\\\/logo\\\/image\\\/\"}}]}<\/script>\n<!-- \/ Yoast SEO plugin. -->","yoast_head_json":{"title":"\u25b7politique de confidentialit\u00e9 - \u3010 ApeGenomicsConsultancy \u3011","description":"POLITIQUE DE CONFIDENTIALIT\u00c9Si vous \u00eates ici, c'est que vous souhaitez en savoir plus sur vos droits et obligations en tant qu'utilisateur de ce site web \u2713","robots":{"index":"noindex","follow":"nofollow"},"og_locale":"fr_FR","og_type":"article","og_title":"\u25b7politique de confidentialit\u00e9 - \u3010 ApeGenomicsConsultancy \u3011","og_description":"POLITIQUE DE CONFIDENTIALIT\u00c9Si vous \u00eates ici, c'est que vous souhaitez en savoir plus sur vos droits et obligations en tant qu'utilisateur de ce site web \u2713","og_url":"https:\/\/simiantrack.wwwarcelona.net\/fr\/politique-de-confidentialite\/","og_site_name":"ApeGenomicsConsultancy","article_modified_time":"2025-10-23T10:55:02+00:00","twitter_card":"summary_large_image","twitter_misc":{"Dur\u00e9e de lecture estim\u00e9e":"5 minutes"},"schema":{"@context":"https:\/\/schema.org","@graph":[{"@type":"WebPage","@id":"https:\/\/simiantrack.wwwarcelona.net\/fr\/politique-de-confidentialite\/","url":"https:\/\/simiantrack.wwwarcelona.net\/fr\/politique-de-confidentialite\/","name":"\u25b7politique de confidentialit\u00e9 - \u3010 ApeGenomicsConsultancy \u3011","isPartOf":{"@id":"https:\/\/simiantrack.wwwarcelona.net\/fr\/#website"},"datePublished":"2021-10-14T13:46:36+00:00","dateModified":"2025-10-23T10:55:02+00:00","description":"POLITIQUE DE CONFIDENTIALIT\u00c9Si vous \u00eates ici, c'est que vous souhaitez en savoir plus sur vos droits et obligations en tant qu'utilisateur de ce site web \u2713","breadcrumb":{"@id":"https:\/\/simiantrack.wwwarcelona.net\/fr\/politique-de-confidentialite\/#breadcrumb"},"inLanguage":"fr-FR","potentialAction":[{"@type":"ReadAction","target":["https:\/\/simiantrack.wwwarcelona.net\/fr\/politique-de-confidentialite\/"]}]},{"@type":"BreadcrumbList","@id":"https:\/\/simiantrack.wwwarcelona.net\/fr\/politique-de-confidentialite\/#breadcrumb","itemListElement":[{"@type":"ListItem","position":1,"name":"Portada","item":"https:\/\/simiantrack.wwwarcelona.net\/fr\/apegenomicsconsultancy\/"},{"@type":"ListItem","position":2,"name":"politique de confidentialit\u00e9"}]},{"@type":"WebSite","@id":"https:\/\/simiantrack.wwwarcelona.net\/fr\/#website","url":"https:\/\/simiantrack.wwwarcelona.net\/fr\/","name":"ApeGenomicsConsultancy","description":"Ape Genomics Consultancy","publisher":{"@id":"https:\/\/simiantrack.wwwarcelona.net\/fr\/#organization"},"potentialAction":[{"@type":"SearchAction","target":{"@type":"EntryPoint","urlTemplate":"https:\/\/simiantrack.wwwarcelona.net\/fr\/?s={search_term_string}"},"query-input":{"@type":"PropertyValueSpecification","valueRequired":true,"valueName":"search_term_string"}}],"inLanguage":"fr-FR"},{"@type":"Organization","@id":"https:\/\/simiantrack.wwwarcelona.net\/fr\/#organization","name":"ApeGenomicsConsultancy","url":"https:\/\/simiantrack.wwwarcelona.net\/fr\/","logo":{"@type":"ImageObject","inLanguage":"fr-FR","@id":"https:\/\/simiantrack.wwwarcelona.net\/fr\/#\/schema\/logo\/image\/","url":"https:\/\/simiantrack.wwwarcelona.net\/wp-content\/uploads\/2021\/10\/Disseny-sense-titol-7-e1761221581917.png","contentUrl":"https:\/\/simiantrack.wwwarcelona.net\/wp-content\/uploads\/2021\/10\/Disseny-sense-titol-7-e1761221581917.png","width":474,"height":140,"caption":"ApeGenomicsConsultancy"},"image":{"@id":"https:\/\/simiantrack.wwwarcelona.net\/fr\/#\/schema\/logo\/image\/"}}]}},"_links":{"self":[{"href":"https:\/\/simiantrack.wwwarcelona.net\/fr\/wp-json\/wp\/v2\/pages\/1916","targetHints":{"allow":["GET"]}}],"collection":[{"href":"https:\/\/simiantrack.wwwarcelona.net\/fr\/wp-json\/wp\/v2\/pages"}],"about":[{"href":"https:\/\/simiantrack.wwwarcelona.net\/fr\/wp-json\/wp\/v2\/types\/page"}],"author":[{"embeddable":true,"href":"https:\/\/simiantrack.wwwarcelona.net\/fr\/wp-json\/wp\/v2\/users\/2"}],"replies":[{"embeddable":true,"href":"https:\/\/simiantrack.wwwarcelona.net\/fr\/wp-json\/wp\/v2\/comments?post=1916"}],"version-history":[{"count":1,"href":"https:\/\/simiantrack.wwwarcelona.net\/fr\/wp-json\/wp\/v2\/pages\/1916\/revisions"}],"predecessor-version":[{"id":1917,"href":"https:\/\/simiantrack.wwwarcelona.net\/fr\/wp-json\/wp\/v2\/pages\/1916\/revisions\/1917"}],"wp:attachment":[{"href":"https:\/\/simiantrack.wwwarcelona.net\/fr\/wp-json\/wp\/v2\/media?parent=1916"}],"curies":[{"name":"wp","href":"https:\/\/api.w.org\/{rel}","templated":true}]}}